{"id":24,"date":"2018-04-14T17:13:38","date_gmt":"2018-04-14T15:13:38","guid":{"rendered":"https:\/\/totem.smartshop-one.com\/?page_id=24"},"modified":"2023-11-29T09:34:49","modified_gmt":"2023-11-29T08:34:49","slug":"les-cbd","status":"publish","type":"page","link":"https:\/\/totem.buddhaparis.com\/index.php\/les-cbd\/","title":{"rendered":"Les HYLA, H4CBD, CBD et Sels de Nicotine"},"content":{"rendered":"[vc_row][vc_column][vc_empty_space height=\u00a0\u00bb70px\u00a0\u00bb][vc_column_text css=\u00a0\u00bb.vc_custom_1701246714336{margin-bottom: 0px !important;}\u00a0\u00bb]\n<h1 style=\"text-align: center;\">Cat\u00e9gorie <strong>Hyla, H4CBD, CBD et Sels de Nicotine<\/strong><\/h1>\n[\/vc_column_text][vc_empty_space][\/vc_column][\/vc_row][vc_row][vc_column width=\u00a0\u00bb1\/6&Prime;][vc_btn title=\u00a0\u00bbLes Hyla, H4CBD, CBD et Sels de Nicotine\u00a0\u00bb style=\u00a0\u00bbclassic\u00a0\u00bb shape=\u00a0\u00bbsquare\u00a0\u00bb color=\u00a0\u00bbpurple\u00a0\u00bb align=\u00a0\u00bbcenter\u00a0\u00bb css_animation=\u00a0\u00bbflipInX\u00a0\u00bb button_block=\u00a0\u00bbtrue\u00a0\u00bb link=\u00a0\u00bburl:https%3A%2F%2Ftotem.buddhaparis.com%2Findex.php%2Fles-cbd%2F|title:Les%20HYLA%2C%20H4CBD%2C%20CBD%20et%20Sels%20de%20Nicotine||\u00a0\u00bb][\/vc_column][vc_column width=\u00a0\u00bb1\/6&Prime;][vc_btn title=\u00a0\u00bbLes Premiums 10ml\u00a0\u00bb style=\u00a0\u00bbclassic\u00a0\u00bb shape=\u00a0\u00bbsquare\u00a0\u00bb color=\u00a0\u00bbpurple\u00a0\u00bb align=\u00a0\u00bbcenter\u00a0\u00bb css_animation=\u00a0\u00bbflipInX\u00a0\u00bb button_block=\u00a0\u00bbtrue\u00a0\u00bb link=\u00a0\u00bburl:https%3A%2F%2Ftotem.buddhaparis.com%2Findex.php%2Fles-premiums-10ml%2F|title:Les%20Premiums%2010ml||\u00a0\u00bb][\/vc_column][vc_column width=\u00a0\u00bb1\/6&Prime;][vc_btn title=\u00a0\u00bbLes Classiques 10 ML\u00a0\u00bb style=\u00a0\u00bbclassic\u00a0\u00bb shape=\u00a0\u00bbsquare\u00a0\u00bb color=\u00a0\u00bbpurple\u00a0\u00bb align=\u00a0\u00bbcenter\u00a0\u00bb css_animation=\u00a0\u00bbflipInX\u00a0\u00bb button_block=\u00a0\u00bbtrue\u00a0\u00bb link=\u00a0\u00bburl:https%3A%2F%2Ftotem.buddhaparis.com%2Findex.php%2Fles-classiques-10ml%2F|title:Les%20Classiques%2010ml||\u00a0\u00bb][\/vc_column][vc_column width=\u00a0\u00bb1\/6&Prime;][vc_btn title=\u00a0\u00bbLes Premiums Plus 50, 60, 100ml\u00a0\u00bb style=\u00a0\u00bbclassic\u00a0\u00bb shape=\u00a0\u00bbsquare\u00a0\u00bb color=\u00a0\u00bbpurple\u00a0\u00bb align=\u00a0\u00bbcenter\u00a0\u00bb css_animation=\u00a0\u00bbflipInX\u00a0\u00bb button_block=\u00a0\u00bbtrue\u00a0\u00bb link=\u00a0\u00bburl:https%3A%2F%2Ftotem.buddhaparis.com%2Findex.php%2Fles-premiums-plus%2F|title:Les%20Premiums%20Plus%2050%20%E2%80%93%2060%20%E2%80%93%20100%20ml||\u00a0\u00bb][\/vc_column][vc_column width=\u00a0\u00bb1\/6&Prime;][vc_btn title=\u00a0\u00bbLes e-Cigarettes Gratuites\u00a0\u00bb style=\u00a0\u00bbclassic\u00a0\u00bb shape=\u00a0\u00bbsquare\u00a0\u00bb color=\u00a0\u00bbpurple\u00a0\u00bb align=\u00a0\u00bbcenter\u00a0\u00bb css_animation=\u00a0\u00bbflipInX\u00a0\u00bb button_block=\u00a0\u00bbtrue\u00a0\u00bb link=\u00a0\u00bburl:https%3A%2F%2Ftotem.buddhaparis.com%2Findex.php%2Fles-e-cigarettes-gratuites%2F|title:Les%20e-Cigarettes%20Gratuites||\u00a0\u00bb][\/vc_column][vc_column width=\u00a0\u00bb1\/6&Prime;][vc_btn title=\u00a0\u00bbLes R\u00e9sistances Gratuites\u00a0\u00bb style=\u00a0\u00bbclassic\u00a0\u00bb shape=\u00a0\u00bbsquare\u00a0\u00bb color=\u00a0\u00bbpurple\u00a0\u00bb align=\u00a0\u00bbcenter\u00a0\u00bb css_animation=\u00a0\u00bbflipInX\u00a0\u00bb button_block=\u00a0\u00bbtrue\u00a0\u00bb link=\u00a0\u00bburl:https%3A%2F%2Ftotem.buddhaparis.com%2Findex.php%2Fles-resistances-gratuites%2F|title:Les%20R%C3%A9sistances%20Gratuites||\u00a0\u00bb][\/vc_column][\/vc_row][vc_row][vc_column][mk_table style=\u00a0\u00bbstyle2&Prime;]\n<table style=\"width: 101.024993%; height: 604px;\" width=\"100%\">\n<thead>\n<tr style=\"height: 24px;\">\n<th style=\"width: 27.4831%; height: 24px;\">HYLA \u00a0Guarana Vitamine Vape<br \/>\n(sans nicotine)<\/th>\n<th style=\"width: 26.7422%; height: 24px;\">H4CBD Vape<\/th>\n<th style=\"width: 22.9627%; height: 24px;\">H4CBD Fleurs &amp; R\u00e9sines<br \/>\n(vari\u00e9t\u00e9s sur demande)<\/th>\n<th style=\"width: 22.8924%; height: 24px;\">CBD<\/th>\n<\/tr>\n<\/thead>\n<tbody>\n<tr style=\"height: 48px;\">\n<td style=\"width: 27.4831%; height: 48px;\">BlackCherry \u00a0800 puffs &#8211; 12,90\u20ac<\/td>\n<td style=\"width: 26.7422%; height: 48px;\">Triple X Vape pen H4CBD Creative Blue Dream &#8211; 1900 mg &#8211; Hybrid &#8211; 59,90\u20ac<\/td>\n<td style=\"width: 22.9627%; height: 48px;\">H4CBD Fleurs 1g &#8211; 15,90\u20ac<\/td>\n<td style=\"width: 22.8924%; height: 48px;\">Perfect Patches 240mg CBD &#8211; 29,90\u20ac (<span style=\"font-family: inherit; font-size: inherit;\">Contient 30 patchs. <\/span>Ingr\u00e9dients : <span style=\"font-family: inherit; font-size: inherit;\">8 mg d&rsquo;isolat de CBD par patch)<\/span><\/td>\n<\/tr>\n<tr style=\"height: 96px;\">\n<td style=\"width: 27.4831%; height: 96px;\">Fraise lavender 800 puffs &#8211; 12,90\u20ac<\/td>\n<td style=\"width: 26.7422%; height: 96px;\"><\/td>\n<td style=\"width: 22.9627%; height: 96px;\">H4CBD Fleurs 1g &#8211; 30,90\u20ac<\/td>\n<td style=\"width: 22.8924%; height: 96px;\"><\/td>\n<\/tr>\n<tr style=\"height: 76px;\">\n<td style=\"width: 27.4831%; height: 76px;\">Coco Citron 800 puffs &#8211; 12,90\u20ac<\/td>\n<td style=\"width: 26.7422%; height: 76px;\">Just H4CBD Vape pen &#8211; 1800 mg &#8211; Hybrid &#8211; 49,90\u20ac<\/td>\n<td style=\"width: 22.9627%; height: 76px;\">H4CBD Fleurs 1g &#8211; 44,90\u20ac<\/td>\n<td style=\"width: 22.8924%; height: 76px;\">Huile Alliance Gr 10% &#8211; 14,90\u20ac<\/td>\n<\/tr>\n<tr style=\"height: 24px;\">\n<td style=\"width: 27.4831%; height: 24px;\">Menthe poivr\u00e9e 800 puffs &#8211; 12,90\u20ac<\/td>\n<td style=\"width: 26.7422%; height: 24px;\">Just H4CBD Vape pen &#8211; 1800 mg &#8211; Indica &#8211; 49,90\u20ac<\/td>\n<td style=\"width: 22.9627%; height: 24px;\"><\/td>\n<td style=\"width: 22.8924%; height: 24px;\">Huile Alliance Gr 20% &#8211; 19,90\u20ac<\/td>\n<\/tr>\n<tr style=\"height: 24px;\">\n<td style=\"width: 27.4831%; height: 24px;\">Past\u00e8que Menthe 800 puffs &#8211; 12,90\u20ac<\/td>\n<td style=\"width: 26.7422%; height: 24px;\">Just H4CBD Vape pen &#8211; 1800 mg &#8211; Sativa &#8211; 49,90\u20ac<\/td>\n<td style=\"width: 22.9627%; height: 24px;\">H4CBD R\u00e9sine 1g -16,90\u20ac<\/td>\n<td style=\"width: 22.8924%; height: 24px;\">Huile Alliance Gr 30% 24,90\u20ac<\/td>\n<\/tr>\n<tr style=\"height: 24px;\">\n<td style=\"width: 27.4831%; height: 24px;\">Banane Menthe 800 puffs &#8211; 12,90\u20ac<\/td>\n<td style=\"width: 26.7422%; height: 24px;\"><\/td>\n<td style=\"width: 22.9627%; height: 24px;\">H4CBD R\u00e9sine 2g &#8211; 32,90\u20ac<\/td>\n<td style=\"width: 22.8924%; height: 24px;\">Huile Alliance Gr 40% &#8211; 29,90\u20ac<\/td>\n<\/tr>\n<tr style=\"height: 24px;\">\n<td style=\"width: 27.4831%; height: 24px;\">Lychee Aloe Menthe 800 puffs &#8211; 12,90\u20ac<\/td>\n<td style=\"width: 26.7422%; height: 24px;\"><\/td>\n<td style=\"width: 22.9627%; height: 24px;\">H4CBD R\u00e9sine 3g &#8211; 47,90\u20ac<\/td>\n<td style=\"width: 22.8924%; height: 24px;\"><\/td>\n<\/tr>\n<tr style=\"height: 24px;\">\n<td style=\"width: 27.4831%; height: 24px;\">Rose Menthe 800 puffs &#8211; 12,90\u20ac<\/td>\n<td style=\"width: 26.7422%; height: 24px;\"><\/td>\n<td style=\"width: 22.9627%; height: 24px;\"><\/td>\n<td style=\"width: 22.8924%; height: 24px;\">Huile Full Spectrum Ultima Gr 10% &#8212; 12,90\u20ac<\/td>\n<\/tr>\n<tr style=\"height: 24px;\">\n<td style=\"width: 27.4831%; height: 24px;\">Cassis Hibiscus 800 puffs &#8211; 12,90\u20ac<\/td>\n<td style=\"width: 26.7422%; height: 24px;\"><\/td>\n<td style=\"width: 22.9627%; height: 24px;\">H4CBD Trim \u00a01g &#8211; 4,90\u20ac<\/td>\n<td style=\"width: 22.8924%; height: 24px;\">Huile Full Spectrum Ultima Gr 20% &#8212; 18,90\u20ac<\/td>\n<\/tr>\n<tr style=\"height: 24px;\">\n<td style=\"width: 27.4831%; height: 24px;\"><\/td>\n<td style=\"width: 26.7422%; height: 24px;\"><\/td>\n<td style=\"width: 22.9627%; height: 24px;\">H4CBD Trim 2g &#8211; 7,90\u20ac<\/td>\n<td style=\"width: 22.8924%; height: 24px;\">Huile Full Spectrum Ultima Gr 30% &#8212; 25,90\u20ac<\/td>\n<\/tr>\n<tr style=\"height: 24px;\">\n<td style=\"width: 27.4831%; height: 24px;\">Menthe 4500 puffs &#8211; 22,90\u20ac<\/td>\n<td style=\"width: 26.7422%; height: 24px;\"><\/td>\n<td style=\"width: 22.9627%; height: 24px;\">H4CBD Trim 3g &#8211; 10,90\u20ac<\/td>\n<td style=\"width: 22.8924%; height: 24px;\">Huile Full Spectrum Ultima Gr 40% &#8212; 32,90\u20ac<\/td>\n<\/tr>\n<tr style=\"height: 24px;\">\n<td style=\"width: 27.4831%; height: 24px;\">Yuzu Orange 4500 puffs &#8211; 22,90\u20ac<\/td>\n<td style=\"width: 26.7422%; height: 24px;\"><\/td>\n<td style=\"width: 22.9627%; height: 24px;\"><\/td>\n<td style=\"width: 22.8924%; height: 24px;\"><\/td>\n<\/tr>\n<tr style=\"height: 24px;\">\n<td style=\"width: 27.4831%; height: 24px;\">Fraise Menthe 4500 puffs &#8211; 22,90\u20ac<\/td>\n<td style=\"width: 26.7422%; height: 24px;\"><\/td>\n<td style=\"width: 22.9627%; height: 24px;\"><\/td>\n<td style=\"width: 22.8924%; height: 24px;\">Huile Relax Gr 10% &#8211; 12,90\u20ac<\/td>\n<\/tr>\n<tr style=\"height: 24px;\">\n<td style=\"width: 27.4831%; height: 24px;\">P\u00e8che Citron 4500 puffs &#8211; 22,90\u20ac<\/td>\n<td style=\"width: 26.7422%; height: 24px;\"><\/td>\n<td style=\"width: 22.9627%; height: 24px;\"><\/td>\n<td style=\"width: 22.8924%; height: 24px;\">Huile Relax Gr 20% &#8211; 16,90\u20ac<\/td>\n<\/tr>\n<tr style=\"height: 24px;\">\n<td style=\"width: 27.4831%; height: 24px;\">Mangue Menthe 4500 puffs &#8211; 22,90\u20ac<\/td>\n<td style=\"width: 26.7422%; height: 24px;\"><\/td>\n<td style=\"width: 22.9627%; height: 24px;\"><\/td>\n<td style=\"width: 22.8924%; height: 24px;\">Huile Relax Gr 30% &#8211; 19,90\u20ac<\/td>\n<\/tr>\n<tr style=\"height: 24px;\">\n<td style=\"width: 27.4831%; height: 24px;\">Fuji Pomme 4500 puffs &#8211; 22,90\u20ac<\/td>\n<td style=\"width: 26.7422%; height: 24px;\"><\/td>\n<td style=\"width: 22.9627%; height: 24px;\"><\/td>\n<td style=\"width: 22.8924%; height: 24px;\">Huile Relax Gr 40% &#8211; 24,90\u20ac<\/td>\n<\/tr>\n<tr style=\"height: 24px;\">\n<td style=\"width: 27.4831%; height: 24px;\">Past\u00e8que Menthe 4500 puffs &#8211; 22,90\u20ac<\/td>\n<td style=\"width: 26.7422%; height: 24px;\"><\/td>\n<td style=\"width: 22.9627%; height: 24px;\"><\/td>\n<td style=\"width: 22.8924%; height: 24px;\"><\/td>\n<\/tr>\n<tr style=\"height: 24px;\">\n<td style=\"width: 27.4831%; height: 24px;\">Banane Melon 4500 puffs &#8211; 22,90\u20ac<\/td>\n<td style=\"width: 26.7422%; height: 24px;\"><\/td>\n<td style=\"width: 22.9627%; height: 24px;\"><\/td>\n<td style=\"width: 22.8924%; height: 24px;\">Huile Intense Gr 10% &#8211; 39,90\u20ac<\/td>\n<\/tr>\n<tr>\n<td style=\"width: 27.4831%;\">Dopa Colada 4500 puffs &#8211; 22,90\u20ac<\/td>\n<td style=\"width: 26.7422%;\"><\/td>\n<td style=\"width: 22.9627%;\"><\/td>\n<td style=\"width: 22.8924%;\">Huile Intense Gr 20% &#8211; 59,90\u20ac<\/td>\n<\/tr>\n<tr>\n<td style=\"width: 27.4831%;\">Tabac Cr\u00e8me 4500 puffs &#8211; 22,90\u20ac<\/td>\n<td style=\"width: 26.7422%;\"><\/td>\n<td style=\"width: 22.9627%;\"><\/td>\n<td style=\"width: 22.8924%;\">Huile Intense Gr 30% &#8211; 79,90\u20ac<\/td>\n<\/tr>\n<\/tbody>\n<\/table>\n[\/mk_table][\/vc_column][\/vc_row][vc_row][vc_column][vc_empty_space height=\u00a0\u00bb70px\u00a0\u00bb][vc_column_text css=\u00a0\u00bb.vc_custom_1701246683333{margin-bottom: 0px !important;}\u00a0\u00bb]\n<h2 style=\"text-align: center;\">Vous \u00eates dans la cat\u00e9gorie : <strong>Les Sels de Nicotine<\/strong><\/h2>\n[\/vc_column_text][vc_empty_space][\/vc_column][\/vc_row][vc_row][vc_column width=\u00a0\u00bb1\/6&Prime;][vc_btn title=\u00a0\u00bbLes Hyla, H4CBD, CBD et Sels de Nicotine\u00a0\u00bb style=\u00a0\u00bbclassic\u00a0\u00bb shape=\u00a0\u00bbsquare\u00a0\u00bb color=\u00a0\u00bbpurple\u00a0\u00bb align=\u00a0\u00bbcenter\u00a0\u00bb css_animation=\u00a0\u00bbflipInX\u00a0\u00bb button_block=\u00a0\u00bbtrue\u00a0\u00bb link=\u00a0\u00bburl:https%3A%2F%2Ftotem.buddhaparis.com%2Findex.php%2Fles-cbd%2F|title:Les%20HYLA%2C%20H4CBD%2C%20CBD%20et%20Sels%20de%20Nicotine||\u00a0\u00bb][\/vc_column][vc_column width=\u00a0\u00bb1\/6&Prime;][vc_btn title=\u00a0\u00bbLes Premiums 10ml\u00a0\u00bb style=\u00a0\u00bbclassic\u00a0\u00bb shape=\u00a0\u00bbsquare\u00a0\u00bb color=\u00a0\u00bbpurple\u00a0\u00bb align=\u00a0\u00bbcenter\u00a0\u00bb css_animation=\u00a0\u00bbflipInX\u00a0\u00bb button_block=\u00a0\u00bbtrue\u00a0\u00bb link=\u00a0\u00bburl:https%3A%2F%2Ftotem.buddhaparis.com%2Findex.php%2Fles-premiums-10ml%2F|title:Les%20Premiums%2010ml||\u00a0\u00bb][\/vc_column][vc_column width=\u00a0\u00bb1\/6&Prime;][vc_btn title=\u00a0\u00bbLes Classiques 10 ML\u00a0\u00bb style=\u00a0\u00bbclassic\u00a0\u00bb shape=\u00a0\u00bbsquare\u00a0\u00bb color=\u00a0\u00bbpurple\u00a0\u00bb align=\u00a0\u00bbcenter\u00a0\u00bb css_animation=\u00a0\u00bbflipInX\u00a0\u00bb button_block=\u00a0\u00bbtrue\u00a0\u00bb link=\u00a0\u00bburl:https%3A%2F%2Ftotem.buddhaparis.com%2Findex.php%2Fles-classiques-10ml%2F|title:Les%20Classiques%2010ml||\u00a0\u00bb][\/vc_column][vc_column width=\u00a0\u00bb1\/6&Prime;][vc_btn title=\u00a0\u00bbLes Premiums Plus 50, 60, 100ml\u00a0\u00bb style=\u00a0\u00bbclassic\u00a0\u00bb shape=\u00a0\u00bbsquare\u00a0\u00bb color=\u00a0\u00bbpurple\u00a0\u00bb align=\u00a0\u00bbcenter\u00a0\u00bb css_animation=\u00a0\u00bbflipInX\u00a0\u00bb button_block=\u00a0\u00bbtrue\u00a0\u00bb link=\u00a0\u00bburl:https%3A%2F%2Ftotem.buddhaparis.com%2Findex.php%2Fles-premiums-plus%2F|title:Les%20Premiums%20Plus%2050%20%E2%80%93%2060%20%E2%80%93%20100%20ml||\u00a0\u00bb][\/vc_column][vc_column width=\u00a0\u00bb1\/6&Prime;][vc_btn title=\u00a0\u00bbLes e-Cigarettes Gratuites\u00a0\u00bb style=\u00a0\u00bbclassic\u00a0\u00bb shape=\u00a0\u00bbsquare\u00a0\u00bb color=\u00a0\u00bbpurple\u00a0\u00bb align=\u00a0\u00bbcenter\u00a0\u00bb css_animation=\u00a0\u00bbflipInX\u00a0\u00bb button_block=\u00a0\u00bbtrue\u00a0\u00bb link=\u00a0\u00bburl:https%3A%2F%2Ftotem.buddhaparis.com%2Findex.php%2Fles-e-cigarettes-gratuites%2F|title:Les%20e-Cigarettes%20Gratuites||\u00a0\u00bb][\/vc_column][vc_column width=\u00a0\u00bb1\/6&Prime;][vc_btn title=\u00a0\u00bbLes R\u00e9sistances Gratuites\u00a0\u00bb style=\u00a0\u00bbclassic\u00a0\u00bb shape=\u00a0\u00bbsquare\u00a0\u00bb color=\u00a0\u00bbpurple\u00a0\u00bb align=\u00a0\u00bbcenter\u00a0\u00bb css_animation=\u00a0\u00bbflipInX\u00a0\u00bb button_block=\u00a0\u00bbtrue\u00a0\u00bb link=\u00a0\u00bburl:https%3A%2F%2Ftotem.buddhaparis.com%2Findex.php%2Fles-resistances-gratuites%2F|title:Les%20R%C3%A9sistances%20Gratuites||\u00a0\u00bb][\/vc_column][\/vc_row][vc_row][vc_column][vc_column_text css=\u00a0\u00bb.vc_custom_1556185153591{margin-bottom: 0px !important;}\u00a0\u00bb]\n<p style=\"text-align: center;\"><strong>Les sels de Nicotine 10 MG<\/strong><\/p>\n[\/vc_column_text][vc_column_text css=\u00a0\u00bb.vc_custom_1701136739723{margin-bottom: 0px !important;}\u00a0\u00bb]\n<h1 style=\"text-align: center;\"><em>10 MG ou 20 MG<\/em><br \/>\n4 liquides achet\u00e9s = 22,70\u20ac soit <strong>5.67\u20ac \/ liquide<\/strong><\/h1>\n<p style=\"text-align: center;\"><span style=\"color: #808080;\">(*Avec votre bon de r\u00e9duction de -10\u20ac pour 60\u20ac achats = <strong>4,84\u20ac\/liquide<\/strong>)<\/span><\/p>\n<h1 style=\"text-align: center;\">1 ELIQUIDE 10 ML = 6,90 \u20ac<\/h1>\n[\/vc_column_text][\/vc_column][\/vc_row][vc_row][vc_column][mk_table style=\u00a0\u00bbstyle2&Prime;]\n<table class=\"mttb\" style=\"width: 100.929%; height: 120px;\">\n<tbody>\n<tr class=\"mttr\" style=\"height: 10px;\">\n<th class=\"mtth\" style=\"width: 23.1987%; height: 10px;\">LE FRENCH LIQUIDE<br \/>\n10mg ou 20mg<\/th>\n<th class=\"mtth\" style=\"width: 12.1564%; height: 10px;\">THE FUU<\/th>\n<th style=\"width: 12.1564%;\">MINIMAL<br \/>\n5mg, 10mg ou 20mg<\/th>\n<\/tr>\n<tr class=\"mttr\" style=\"height: 10px;\">\n<td class=\"mttd\" style=\"width: 23.1987%; height: 10px;\">Moon Shiners Ruff Skin (\u00e9quilibr\u00e9e, amateurs de tabac classique de Latakia, puissant, \u00e9pic\u00e9 et fum\u00e9.)<\/td>\n<td class=\"mttd\" style=\"width: 12.1564%; height: 10px;\">Blend Light (Hit\u00a0l\u00e9ger &#8211; Go\u00fbt \u00ab\u00a0tabac\u00a0\u00bb neutre\u00a0et Ar\u00f4mes naturels)<\/td>\n<td style=\"width: 12.1564%;\">Menthe (m\u00e9lange de menthes relev\u00e9es d&rsquo;une pointe de citron)<\/td>\n<\/tr>\n<tr class=\"mttr\" style=\"height: 10px;\">\n<td class=\"mttd\" style=\"width: 23.1987%; height: 10px;\">Moon Shiners Wild Ruby (base de cerise et touche de Kentucky, un tabac de haute qualit\u00e9 fort et robuste)<\/td>\n<td class=\"mttd\" style=\"width: 12.1564%; height: 10px;\">Blend Medium\u00a0(Hit\u00a0moyen &#8211; Go\u00fbt \u00ab\u00a0tabac\u00a0\u00bb neutre\u00a0et Ar\u00f4mes naturels)<\/td>\n<td style=\"width: 12.1564%;\">Raisin (jus de raisin go\u00fbtu et fruit\u00e9)<\/td>\n<\/tr>\n<tr class=\"mttr\" style=\"height: 10px;\">\n<td class=\"mttd\" style=\"width: 23.1987%; height: 10px;\">Moon Shiners Old Nuts (nougat tendre et saveur noisette m\u00e9lang\u00e9 avec un caramel cr\u00e9meux tr\u00e8s onctueux)<\/td>\n<td class=\"mttd\" style=\"width: 12.1564%; height: 10px;\">Blend Original\u00a0(Hit\u00a0puissant &#8211; Go\u00fbt \u00ab\u00a0tabac\u00a0\u00bb neutre\u00a0et Ar\u00f4mes naturels)<\/td>\n<td style=\"width: 12.1564%;\">Grenadine (des fruits rouges et du frais)<\/td>\n<\/tr>\n<tr class=\"mttr\" style=\"height: 10px;\">\n<td class=\"mttd\" style=\"width: 23.1987%; height: 10px;\">Moon Shiners Daisy Berry (cocktail de fruits rouges\u00e0 base de cassis acidul\u00e9, \u00a0grenade, m\u00fbre bien florale)<\/td>\n<td class=\"mttd\" style=\"width: 12.1564%; height: 10px;\"><\/td>\n<td style=\"width: 12.1564%;\"><\/td>\n<\/tr>\n<tr class=\"mttr\" style=\"height: 10px;\">\n<td class=\"mttd\" style=\"width: 23.1987%; height: 10px;\">Moon Shiners Gold Sucker (vanille, \u00a0c\u00e9r\u00e9ales, aromatis\u00e9e d&rsquo;une note de tabac classic blend.)<\/td>\n<td class=\"mttd\" style=\"width: 12.1564%; height: 10px;\"><\/td>\n<td style=\"width: 12.1564%;\">L&rsquo;universel (tabac sec et l\u00e9ger aux notes chaleureuses et \u00e9quilibr\u00e9es.)<\/td>\n<\/tr>\n<tr class=\"mttr\" style=\"height: 24px;\">\n<td style=\"width: 23.1987%; height: 10px;\">Moon Shiners Toffee Sins (caramel ambr\u00e9, accompagn\u00e9 d&rsquo;une pointe savoureuse de sucre roux)<\/td>\n<td class=\"mttd\" style=\"width: 12.1564%; height: 10px;\"><\/td>\n<td style=\"width: 12.1564%;\">Le Robuste (Cors\u00e9, puissant et authentique, un tabac de puriste)<\/td>\n<\/tr>\n<tr class=\"mttr\" style=\"height: 24px;\">\n<td style=\"width: 23.1987%; height: 10px;\"><\/td>\n<td class=\"mttd\" style=\"width: 12.1564%; height: 10px;\"><\/td>\n<td style=\"width: 12.1564%;\">Classique (un go\u00fbt \u00ab\u00a0classique\u00a0\u00bb, toast\u00e9 et sec. Des notes chaleureuses qui rappellent les blondes)<\/td>\n<\/tr>\n<tr class=\"mttr\" style=\"height: 24px;\">\n<td style=\"width: 23.1987%; height: 10px;\">Salt E Vapor Framboise bleue (framboise bleue grenade au sel de nicotine)<\/td>\n<td class=\"mttd\" style=\"width: 12.1564%; height: 10px;\"><\/td>\n<td style=\"width: 12.1564%;\"><\/td>\n<\/tr>\n<tr class=\"mttr\" style=\"height: 24px;\">\n<td style=\"width: 23.1987%; height: 10px;\">Salt E Vapor Cola Cerise (Cola Cerise au sel de nicotine )<\/td>\n<td class=\"mttd\" style=\"width: 12.1564%; height: 10px;\"><\/td>\n<td style=\"width: 12.1564%;\"><\/td>\n<\/tr>\n<tr class=\"mttr\" style=\"height: 24px;\">\n<td style=\"width: 23.1987%; height: 10px;\">Salt E Vapor Fruit du Dragon Lychee (fruit du dragon litchi au sel de nicotine)<\/td>\n<td class=\"mttd\" style=\"width: 12.1564%; height: 10px;\"><\/td>\n<td style=\"width: 12.1564%;\"><\/td>\n<\/tr>\n<\/tbody>\n<\/table>\n[\/mk_table][\/vc_column][\/vc_row][vc_row][vc_column][vc_btn title=\u00a0\u00bbRetour au sommaire\u00a0\u00bb style=\u00a0\u00bbclassic\u00a0\u00bb shape=\u00a0\u00bbsquare\u00a0\u00bb color=\u00a0\u00bbpurple\u00a0\u00bb align=\u00a0\u00bbcenter\u00a0\u00bb i_icon_fontawesome=\u00a0\u00bbfa fa-home\u00a0\u00bb css_animation=\u00a0\u00bbnone\u00a0\u00bb button_block=\u00a0\u00bbtrue\u00a0\u00bb add_icon=\u00a0\u00bbtrue\u00a0\u00bb link=\u00a0\u00bburl:https%3A%2F%2Ftotem.buddhaparis.com|||\u00a0\u00bb][\/vc_column][\/vc_row]\n","protected":false},"excerpt":{"rendered":"<p>[vc_row][vc_column][vc_empty_space height=\u00a0\u00bb70px\u00a0\u00bb][vc_column_text css=\u00a0\u00bb.vc_custom_1701246714336{margin-bottom: 0px !important;}\u00a0\u00bb] Cat\u00e9gorie Hyla, H4CBD, CBD et Sels de Nicotine [\/vc_column_text][vc_empty_space][\/vc_column][\/vc_row][vc_row][vc_column width=\u00a0\u00bb1\/6&Prime;][vc_btn title=\u00a0\u00bbLes Hyla, H4CBD, CBD et Sels de Nicotine\u00a0\u00bb style=\u00a0\u00bbclassic\u00a0\u00bb shape=\u00a0\u00bbsquare\u00a0\u00bb color=\u00a0\u00bbpurple\u00a0\u00bb align=\u00a0\u00bbcenter\u00a0\u00bb css_animation=\u00a0\u00bbflipInX\u00a0\u00bb button_block=\u00a0\u00bbtrue\u00a0\u00bb link=\u00a0\u00bburl:https%3A%2F%2Ftotem.buddhaparis.com%2Findex.php%2Fles-cbd%2F|title:Les%20HYLA%2C%20H4CBD%2C%20CBD%20et%20Sels%20de%20Nicotine||\u00a0\u00bb][\/vc_column][vc_column width=\u00a0\u00bb1\/6&Prime;][vc_btn title=\u00a0\u00bbLes Premiums 10ml\u00a0\u00bb style=\u00a0\u00bbclassic\u00a0\u00bb shape=\u00a0\u00bbsquare\u00a0\u00bb color=\u00a0\u00bbpurple\u00a0\u00bb align=\u00a0\u00bbcenter\u00a0\u00bb css_animation=\u00a0\u00bbflipInX\u00a0\u00bb button_block=\u00a0\u00bbtrue\u00a0\u00bb link=\u00a0\u00bburl:https%3A%2F%2Ftotem.buddhaparis.com%2Findex.php%2Fles-premiums-10ml%2F|title:Les%20Premiums%2010ml||\u00a0\u00bb][\/vc_column][vc_column width=\u00a0\u00bb1\/6&Prime;][vc_btn title=\u00a0\u00bbLes Classiques 10 ML\u00a0\u00bb style=\u00a0\u00bbclassic\u00a0\u00bb shape=\u00a0\u00bbsquare\u00a0\u00bb color=\u00a0\u00bbpurple\u00a0\u00bb align=\u00a0\u00bbcenter\u00a0\u00bb css_animation=\u00a0\u00bbflipInX\u00a0\u00bb button_block=\u00a0\u00bbtrue\u00a0\u00bb link=\u00a0\u00bburl:https%3A%2F%2Ftotem.buddhaparis.com%2Findex.php%2Fles-classiques-10ml%2F|title:Les%20Classiques%2010ml||\u00a0\u00bb][\/vc_column][vc_column width=\u00a0\u00bb1\/6&Prime;][vc_btn title=\u00a0\u00bbLes [&hellip;]<\/p>\n","protected":false},"author":1,"featured_media":0,"parent":0,"menu_order":0,"comment_status":"closed","ping_status":"closed","template":"","meta":{"footnotes":""},"_links":{"self":[{"href":"https:\/\/totem.buddhaparis.com\/index.php\/wp-json\/wp\/v2\/pages\/24"}],"collection":[{"href":"https:\/\/totem.buddhaparis.com\/index.php\/wp-json\/wp\/v2\/pages"}],"about":[{"href":"https:\/\/totem.buddhaparis.com\/index.php\/wp-json\/wp\/v2\/types\/page"}],"author":[{"embeddable":true,"href":"https:\/\/totem.buddhaparis.com\/index.php\/wp-json\/wp\/v2\/users\/1"}],"replies":[{"embeddable":true,"href":"https:\/\/totem.buddhaparis.com\/index.php\/wp-json\/wp\/v2\/comments?post=24"}],"version-history":[{"count":89,"href":"https:\/\/totem.buddhaparis.com\/index.php\/wp-json\/wp\/v2\/pages\/24\/revisions"}],"predecessor-version":[{"id":813,"href":"https:\/\/totem.buddhaparis.com\/index.php\/wp-json\/wp\/v2\/pages\/24\/revisions\/813"}],"wp:attachment":[{"href":"https:\/\/totem.buddhaparis.com\/index.php\/wp-json\/wp\/v2\/media?parent=24"}],"curies":[{"name":"wp","href":"https:\/\/api.w.org\/{rel}","templated":true}]}}