{"id":20,"date":"2018-04-14T17:13:19","date_gmt":"2018-04-14T15:13:19","guid":{"rendered":"https:\/\/totem.smartshop-one.com\/?page_id=20"},"modified":"2023-12-29T10:52:42","modified_gmt":"2023-12-29T09:52:42","slug":"les-premiums-10ml","status":"publish","type":"page","link":"https:\/\/totem.buddhaparis.com\/index.php\/les-premiums-10ml\/","title":{"rendered":"Les Premiums 10ml"},"content":{"rendered":"[vc_row][vc_column][vc_empty_space height=\u00a0\u00bb70px\u00a0\u00bb][vc_column_text css=\u00a0\u00bb.vc_custom_1667988230392{margin-bottom: 0px !important;}\u00a0\u00bb]\n<h1 style=\"text-align: center;\">Vous \u00eates dans la cat\u00e9gorie : <strong>Les Premiums 10 ML<\/strong><\/h1>\n[\/vc_column_text][vc_empty_space][\/vc_column][\/vc_row][vc_row][vc_column][vc_column_text css=\u00a0\u00bb.vc_custom_1701136856496{margin-bottom: 0px !important;}\u00a0\u00bb]\n<h1 style=\"text-align: center;\">4 liquides achet\u00e9s = 20,90\u20ac soit <strong>5,22\u20ac \/ liquide<\/strong><\/h1>\n<p style=\"text-align: center;\"><span style=\"color: #808080;\">(*Avec votre bon de r\u00e9duction de -10\u20ac pour 60\u20ac achats = <strong>4,39\u20ac\/liquide<\/strong>)<\/span><\/p>\n<h1 style=\"text-align: center;\">1 e-liquide 10 ML = 6,90\u20ac<\/h1>\n[\/vc_column_text][\/vc_column][\/vc_row][vc_row][vc_column width=\u00a0\u00bb1\/6&Prime;][vc_btn title=\u00a0\u00bbLes Hyla, H4CBD, CBD et Sels de Nicotine\u00a0\u00bb style=\u00a0\u00bbclassic\u00a0\u00bb shape=\u00a0\u00bbsquare\u00a0\u00bb color=\u00a0\u00bbpurple\u00a0\u00bb align=\u00a0\u00bbcenter\u00a0\u00bb css_animation=\u00a0\u00bbflipInX\u00a0\u00bb button_block=\u00a0\u00bbtrue\u00a0\u00bb link=\u00a0\u00bburl:https%3A%2F%2Ftotem.buddhaparis.com%2Findex.php%2Fles-cbd%2F|title:Les%20HYLA%2C%20H4CBD%2C%20CBD%20et%20Sels%20de%20Nicotine||\u00a0\u00bb][\/vc_column][vc_column width=\u00a0\u00bb1\/6&Prime;][vc_btn title=\u00a0\u00bbLes Premiums 10 ml\u00a0\u00bb style=\u00a0\u00bbclassic\u00a0\u00bb shape=\u00a0\u00bbsquare\u00a0\u00bb color=\u00a0\u00bbpurple\u00a0\u00bb align=\u00a0\u00bbcenter\u00a0\u00bb css_animation=\u00a0\u00bbflipInX\u00a0\u00bb button_block=\u00a0\u00bbtrue\u00a0\u00bb link=\u00a0\u00bburl:https%3A%2F%2Ftotem.buddhaparis.com%2Findex.php%2Fles-premiums-10ml%2F|title:Les%20Premiums%2010ml||\u00a0\u00bb][\/vc_column][vc_column width=\u00a0\u00bb1\/6&Prime;][vc_btn title=\u00a0\u00bbLes Classiques 10 ml\u00a0\u00bb style=\u00a0\u00bbclassic\u00a0\u00bb shape=\u00a0\u00bbsquare\u00a0\u00bb color=\u00a0\u00bbpurple\u00a0\u00bb align=\u00a0\u00bbcenter\u00a0\u00bb css_animation=\u00a0\u00bbflipInX\u00a0\u00bb button_block=\u00a0\u00bbtrue\u00a0\u00bb link=\u00a0\u00bburl:https%3A%2F%2Ftotem.buddhaparis.com%2Findex.php%2Fles-classiques-10ml%2F|title:Les%20Classiques%2010ml||\u00a0\u00bb][\/vc_column][vc_column width=\u00a0\u00bb1\/6&Prime;][vc_btn title=\u00a0\u00bbLes Premium Plus 50, 60, 100 ml\u00a0\u00bb style=\u00a0\u00bbclassic\u00a0\u00bb shape=\u00a0\u00bbsquare\u00a0\u00bb color=\u00a0\u00bbpurple\u00a0\u00bb align=\u00a0\u00bbcenter\u00a0\u00bb css_animation=\u00a0\u00bbflipInX\u00a0\u00bb button_block=\u00a0\u00bbtrue\u00a0\u00bb link=\u00a0\u00bburl:https%3A%2F%2Ftotem.buddhaparis.com%2Findex.php%2Fles-premiums-plus%2F|title:Les%20Premiums%20Plus%2050%20%E2%80%93%2060%20%E2%80%93%20100%20ml||\u00a0\u00bb][\/vc_column][vc_column width=\u00a0\u00bb1\/6&Prime;][vc_btn title=\u00a0\u00bbLes e-Cigarettes Gratuites\u00a0\u00bb style=\u00a0\u00bbclassic\u00a0\u00bb shape=\u00a0\u00bbsquare\u00a0\u00bb color=\u00a0\u00bbpurple\u00a0\u00bb align=\u00a0\u00bbcenter\u00a0\u00bb css_animation=\u00a0\u00bbflipInX\u00a0\u00bb button_block=\u00a0\u00bbtrue\u00a0\u00bb link=\u00a0\u00bburl:https%3A%2F%2Ftotem.buddhaparis.com%2Findex.php%2Fles-e-cigarettes-gratuites%2F|title:Les%20e-Cigarettes%20Gratuites||\u00a0\u00bb][\/vc_column][vc_column width=\u00a0\u00bb1\/6&Prime;][vc_btn title=\u00a0\u00bbLes R\u00e9sistances Gratuites\u00a0\u00bb style=\u00a0\u00bbclassic\u00a0\u00bb shape=\u00a0\u00bbsquare\u00a0\u00bb color=\u00a0\u00bbpurple\u00a0\u00bb align=\u00a0\u00bbcenter\u00a0\u00bb css_animation=\u00a0\u00bbflipInX\u00a0\u00bb button_block=\u00a0\u00bbtrue\u00a0\u00bb link=\u00a0\u00bburl:https%3A%2F%2Ftotem.buddhaparis.com%2Findex.php%2Fles-resistances-gratuites%2F|title:Les%20R%C3%A9sistances%20Gratuites||\u00a0\u00bb][\/vc_column][\/vc_row][vc_row][vc_column][mk_table style=\u00a0\u00bbstyle2&Prime;]\n<table class=\"mttb\" style=\"width: 100.371%; height: 3148px;\">\n<tbody>\n<tr class=\"mttr\" style=\"height: 48px;\">\n<th style=\"width: 7.44015%; height: 44px;\">JWELL FRANCE<\/th>\n<th class=\"mtth\" style=\"width: 7.44015%; height: 44px;\">T-JUICE<\/th>\n<th class=\"mtth\" style=\"width: 13.4269%; height: 44px;\">VAMPIRE VAPE<\/th>\n<th class=\"mtth\" style=\"width: 14.0045%; height: 44px;\">PETIT NUAGE<\/th>\n<th style=\"width: 11.8025%; height: 44px;\">LE FRENCH LIQUIDE<\/th>\n<\/tr>\n<tr class=\"mttr\" style=\"height: 10px;\">\n<td style=\"width: 7.44015%; height: 144px;\">MI5 (tabac blond am\u00e9ricain avec sa puissance parfaitement maitris\u00e9e et ses d\u00e9licats aromes sucr\u00e9s. L&rsquo;id\u00e9al pour arr\u00eater de fumer)<\/td>\n<td class=\"mttd\" style=\"width: 7.44015%; height: 144px;\">Red Astaire (Fruits rouges, Raisin Noir, Eucalyptus, Anis, Menthol)<\/td>\n<td class=\"mttd\" style=\"width: 13.4269%; height: 144px;\">Heisenberg (Fraicheur Sucr\u00e9e, Notes Fruit\u00e9es)<\/td>\n<td class=\"mttd\" style=\"width: 14.0045%; height: 144px;\">Dessert de Mamie (Cr\u00e8me Br\u00fbl\u00e9e caram\u00e9lis\u00e9e)<\/td>\n<td style=\"width: 11.8025%; height: 144px;\">Old Nuts (Nougat, Noisettes, Caramel)<\/td>\n<\/tr>\n<tr class=\"mttr\" style=\"height: 10px;\">\n<td style=\"width: 7.44015%; height: 120px;\">Dune K (un incontournable de Jwell, la l\u00e9g\u00e8ret\u00e9 et la finesse de cet e-liquide sont les principaux atouts de ce tabac particuli\u00e8rement doux<\/td>\n<td class=\"mttd\" style=\"width: 7.44015%; height: 120px;\"><\/td>\n<td class=\"mttd\" style=\"width: 13.4269%; height: 120px;\">Pink Man (Agrumes Fruit\u00e9s)<\/td>\n<td class=\"mttd\" style=\"width: 14.0045%; height: 120px;\">Grenade Pil\u00e9e<\/td>\n<td style=\"width: 11.8025%; height: 120px;\">La chose (Caf\u00e9, Fruits \u00e0 coque, Vanille, Caramel)<\/td>\n<\/tr>\n<tr class=\"mttr\" style=\"height: 10px;\">\n<td style=\"width: 7.44015%; height: 120px;\">Dune K (incontournable de Jwell, la l\u00e9g\u00e8ret\u00e9 et la finesse de cet e-liquide sont les principaux atouts de ce tabac particuli\u00e8rement doux)<\/td>\n<td class=\"mttd\" style=\"width: 7.44015%; height: 120px;\"><\/td>\n<td class=\"mttd\" style=\"width: 13.4269%; height: 120px;\"><\/td>\n<td class=\"mttd\" style=\"width: 14.0045%; height: 120px;\">Flocon Press\u00e9 (Bonbon \u00e0 l\u2019orange de notre enfance)<\/td>\n<td style=\"width: 11.8025%; height: 120px;\">Daisy Berry (Cassis, Grenade, M\u00fbre)<\/td>\n<\/tr>\n<tr class=\"mttr\" style=\"height: 10px;\">\n<td style=\"width: 7.44015%; height: 120px;\">Usa Mixx (avec son go\u00fbt unique qui rappelle immanquablement l&rsquo;authenticit\u00e9 d&rsquo;un vrai tabac am\u00e9ricain)<\/td>\n<td class=\"mttd\" style=\"width: 7.44015%; height: 120px;\"><\/td>\n<td class=\"mttd\" style=\"width: 13.4269%; height: 120px;\"><\/td>\n<td class=\"mttd\" style=\"width: 14.0045%; height: 120px;\">La Petite Limo (Limonade \u00e0 l&rsquo;Ancienne)<\/td>\n<td style=\"width: 11.8025%; height: 120px;\"><\/td>\n<\/tr>\n<tr class=\"mttr\" style=\"height: 72px;\">\n<td style=\"width: 7.44015%; height: 120px;\">Ry4 (liquide riche en saveurs, alliant un tabac blond traditionnel aux notes gourmandes de vanille et caramel)<\/td>\n<td class=\"mttd\" style=\"width: 7.44015%; height: 120px;\"><\/td>\n<td class=\"mttd\" style=\"width: 13.4269%; height: 120px;\"><\/td>\n<td class=\"mttd\" style=\"width: 14.0045%; height: 120px;\">Barre de Caramel (Bonbon au Caramel)<\/td>\n<td style=\"width: 11.8025%; height: 120px;\"><\/td>\n<\/tr>\n<tr class=\"mttr\" style=\"height: 48px;\">\n<td style=\"width: 7.44015%; height: 96px;\">Goldrx (L\u00e9ger et dor\u00e9, tabac r\u00e9hauss\u00e9 d&rsquo;un soup\u00e7on de miel offre une vape envoutante et g\u00e9n\u00e9reuse)<\/td>\n<td class=\"mttd\" style=\"width: 7.44015%; height: 96px;\"><\/td>\n<td class=\"mttd\" style=\"width: 13.4269%; height: 96px;\"><\/td>\n<td class=\"mttd\" style=\"width: 14.0045%; height: 96px;\">Rouge des bois (Fruits rouges, Baies noires)<\/td>\n<td style=\"width: 11.8025%; height: 96px;\"><\/td>\n<\/tr>\n<tr class=\"mttr\" style=\"height: 10px;\">\n<td style=\"width: 7.44015%; height: 72px;\">Brun Fran\u00e7ais (tabac brun fran\u00e7ais, la saveur au casque ail\u00e9 qui vous manquait)<\/td>\n<td style=\"width: 7.44015%; height: 72px;\"><\/td>\n<td style=\"width: 13.4269%; height: 72px;\"><\/td>\n<td class=\"mttd\" style=\"width: 14.0045%; height: 72px;\">Menthe Bor\u00e9ale (Menthe extra Fra\u00eeche)<\/td>\n<td style=\"width: 11.8025%; height: 72px;\"><\/td>\n<\/tr>\n<tr class=\"mttr\" style=\"height: 10px;\">\n<td style=\"width: 7.44015%; height: 24px;\"><\/td>\n<td style=\"width: 7.44015%; height: 24px;\"><\/td>\n<td style=\"width: 13.4269%; height: 24px;\"><\/td>\n<td class=\"mttd\" style=\"width: 14.0045%; height: 24px;\">Cr\u00e8me de la Reine (Vanille, Cr\u00e8me anglaise)<\/td>\n<td style=\"width: 11.8025%; height: 24px;\"><\/td>\n<\/tr>\n<tr class=\"mttr\" style=\"height: 55px;\">\n<td style=\"width: 7.44015%; height: 128px;\">\n<p class=\"western\">Aloe Vera (vape rafraichissante \u00e0 l\u2019aloe vera, \u00a0go\u00fbt puissant et riche en saveur)<\/p>\n<\/td>\n<td style=\"width: 7.44015%; height: 128px;\"><\/td>\n<td style=\"width: 13.4269%; height: 128px;\"><\/td>\n<td class=\"mttd\" style=\"width: 14.0045%; height: 128px;\">Pause Noisette (Saveur d&rsquo;un caf\u00e9 Expresso gourmand et noisettes Croquantes et sucr\u00e9es)<\/td>\n<td style=\"width: 11.8025%; height: 128px;\"><\/td>\n<\/tr>\n<tr style=\"height: 48px;\">\n<td style=\"width: 7.44015%; height: 72px;\">Fraise Banane (saveur qui saura vous mettre l&rsquo;eau \u00e0 la bouche)<\/td>\n<td style=\"width: 7.44015%; height: 72px;\"><\/td>\n<td style=\"width: 13.4269%; height: 72px;\"><\/td>\n<td style=\"width: 14.0045%; height: 72px;\">Etoile Filantes (Pomme verte, Mangue, Fruits du dragon)<\/td>\n<td style=\"width: 11.8025%; height: 72px;\"><\/td>\n<\/tr>\n<tr style=\"height: 48px;\">\n<td style=\"width: 7.44015%; height: 120px;\">P\u00e8che Abricot (duo P\u00eache Abricot : Un tr\u00e9sor de saveurs pour un vapotage extr\u00eamement bon. Ar\u00f4mes 100% naturels)<\/td>\n<td style=\"width: 7.44015%; height: 120px;\"><\/td>\n<td style=\"width: 13.4269%; height: 120px;\"><\/td>\n<td style=\"width: 14.0045%; height: 120px;\">Granit\u00e9 de Goji (Fruit miraculeux, Vitamin\u00e9, Cassis, Grenade)<\/td>\n<td style=\"width: 11.8025%; height: 120px;\"><\/td>\n<\/tr>\n<tr style=\"height: 48px;\">\n<td style=\"width: 7.44015%; height: 144px;\">Green Light (le plaisir de croquer dans une pomme en haut d&rsquo;une montagne. Respirer un air de haute altitude avec sa pointe menthol)<\/td>\n<td style=\"width: 7.44015%; height: 144px;\"><\/td>\n<td style=\"width: 13.4269%; height: 144px;\"><\/td>\n<td style=\"width: 14.0045%; height: 144px;\">Infusion d&rsquo;Ailleurs (Th\u00e9 hibiscus, Menthe<\/td>\n<td style=\"width: 11.8025%; height: 144px;\"><\/td>\n<\/tr>\n<tr style=\"height: 48px;\">\n<td style=\"width: 7.44015%; height: 96px;\">Mango Fizz (mangue, fruit de la passion, citron et vous obtenez le cocktail d\u00e9tonnant)<\/td>\n<td style=\"width: 7.44015%; height: 96px;\"><\/td>\n<td style=\"width: 13.4269%; height: 96px;\"><\/td>\n<td style=\"width: 14.0045%; height: 96px;\">Petite \u00eele (Cocktail ananas coco Frais)<\/td>\n<td style=\"width: 11.8025%; height: 96px;\"><\/td>\n<\/tr>\n<tr style=\"height: 24px;\">\n<td style=\"width: 7.44015%; height: 96px;\">Fraise Tendre (saveurs subtiles et savoureuses de fraises des bois pour se r\u00e9concilier avec la nature)<\/td>\n<td style=\"width: 7.44015%; height: 96px;\"><\/td>\n<td style=\"width: 13.4269%; height: 96px;\"><\/td>\n<td style=\"width: 14.0045%; height: 96px;\">L&rsquo;attrape R\u00eaves (Fruits rouges Frais)<\/td>\n<td style=\"width: 11.8025%; height: 96px;\"><\/td>\n<\/tr>\n<tr style=\"height: 24px;\">\n<td style=\"width: 7.44015%; height: 120px;\">Mona RX (fruits rouges relev\u00e9e d&rsquo;un l\u00e9ger go\u00fbt acidul\u00e9 tout droit issu de notre enfance. Un go\u00fbt frais, une vape g\u00e9n\u00e9reuse)<\/td>\n<td style=\"width: 7.44015%; height: 120px;\"><\/td>\n<td style=\"width: 13.4269%; height: 120px;\"><\/td>\n<td style=\"width: 14.0045%; height: 120px;\">Sironade Violette<\/td>\n<td style=\"width: 11.8025%; height: 120px;\"><\/td>\n<\/tr>\n<tr style=\"height: 72px;\">\n<td style=\"width: 7.44015%; height: 144px;\">Citron Fizz (du punch ! Du fruit ! Du go\u00fbt ! Rien de moins et un soup\u00e7on de pomme sucr\u00e9e et de poire douce d\u00e9cuplent les saveurs de cet e-liquide.)<\/td>\n<td style=\"width: 7.44015%; height: 144px;\"><\/td>\n<td style=\"width: 13.4269%; height: 144px;\"><\/td>\n<td style=\"width: 14.0045%; height: 144px;\">L&rsquo;eau Tropical (Fruits tropicaux, Note tr\u00e8s fruit\u00e9 mangue, Fruit de la passion, Agrumes)<\/td>\n<td style=\"width: 11.8025%; height: 144px;\"><\/td>\n<\/tr>\n<tr style=\"height: 24px;\">\n<td style=\"width: 7.44015%; height: 72px;\">White Light (savant m\u00e9lange de m\u00fbre anis\u00e9e accompagn\u00e9 de sa touche de frais)<\/td>\n<td style=\"width: 7.44015%; height: 72px;\"><\/td>\n<td style=\"width: 13.4269%; height: 72px;\"><\/td>\n<td style=\"width: 14.0045%; height: 72px;\">Le petit Mont (Sabl\u00e9 Mont St M)<\/td>\n<td style=\"width: 11.8025%; height: 72px;\"><\/td>\n<\/tr>\n<tr style=\"height: 24px;\">\n<td style=\"width: 7.44015%; height: 96px;\">Pomme Goyave (doux m\u00e9lange de la pomme et de la goyave font de cette saveur une vraie merveille)<\/td>\n<td style=\"width: 7.44015%; height: 96px;\"><\/td>\n<td style=\"width: 13.4269%; height: 96px;\"><\/td>\n<td style=\"width: 14.0045%; height: 96px;\">Goyave Frapp\u00e9e (Goyave frapp\u00e9, Framboise)<\/td>\n<td style=\"width: 11.8025%; height: 96px;\"><\/td>\n<\/tr>\n<tr style=\"height: 48px;\">\n<td style=\"width: 7.44015%; height: 144px;\">Past\u00e8que Fraise (cocktail d\u2019\u00e9t\u00e9 venu du ciel. Rafra\u00eechissez-vous avec une pinc\u00e9e de past\u00e8que fra\u00eeche agr\u00e9ment\u00e9 d\u2019un coup de fraise mix\u00e9e)<\/td>\n<td style=\"width: 7.44015%; height: 144px;\"><\/td>\n<td style=\"width: 13.4269%; height: 144px;\"><\/td>\n<td style=\"width: 14.0045%; height: 144px;\">Sironade Dragon (Fruit du dragon frais et sucr\u00e9)<\/td>\n<td style=\"width: 11.8025%; height: 144px;\"><\/td>\n<\/tr>\n<tr style=\"height: 24px;\">\n<td style=\"width: 7.44015%; height: 144px;\">Blue Light (fruit de la passion givr\u00e9. Fra\u00eecheur garantie par cette recette \u00e0 la dominante de fruit de la passion et de menthe l\u00e9g\u00e8rement relev\u00e9e d\u2019anis.)<\/td>\n<td style=\"width: 7.44015%; height: 144px;\"><\/td>\n<td style=\"width: 13.4269%; height: 144px;\"><\/td>\n<td style=\"width: 14.0045%; height: 144px;\">R\u00eave Bleu (Baies, Framboises bleues)<\/td>\n<td style=\"width: 11.8025%; height: 144px;\"><\/td>\n<\/tr>\n<tr style=\"height: 24px;\">\n<td style=\"width: 7.44015%; height: 120px;\">Blackurrant Ice (d\u00e9licatement \u00e9quilibr\u00e9 et plein d\u2019intensit\u00e9 fruit\u00e9e, profitez de la fra\u00eecheur in\u00e9gal\u00e9e d\u2019une glace cassis)<\/td>\n<td style=\"width: 7.44015%; height: 120px;\"><\/td>\n<td style=\"width: 13.4269%; height: 120px;\"><\/td>\n<td style=\"width: 14.0045%; height: 120px;\">Caresses des Iles (Mangue, Ananas)<\/td>\n<td style=\"width: 11.8025%; height: 120px;\"><\/td>\n<\/tr>\n<tr style=\"height: 24px;\">\n<td style=\"width: 7.44015%; height: 24px;\"><\/td>\n<td style=\"width: 7.44015%; height: 24px;\"><\/td>\n<td style=\"width: 13.4269%; height: 24px;\"><\/td>\n<td style=\"width: 14.0045%; height: 24px;\">Coupe de C\u0153ur (Fruits rouges frais)<\/td>\n<td style=\"width: 11.8025%; height: 24px;\"><\/td>\n<\/tr>\n<tr style=\"height: 48px;\">\n<td style=\"width: 7.44015%; height: 72px;\">Caf\u00e9 Gourmand (perfect All Day pour ce caf\u00e9 doux et l\u00e9g\u00e8rement cr\u00e9meux)<\/td>\n<td style=\"width: 7.44015%; height: 72px;\"><\/td>\n<td style=\"width: 13.4269%; height: 72px;\"><\/td>\n<td style=\"width: 14.0045%; height: 72px;\">Paris Bali (Jus de corossol, Passion, Pitaya, Ananas)<\/td>\n<td style=\"width: 11.8025%; height: 72px;\"><\/td>\n<\/tr>\n<tr style=\"height: 24px;\">\n<td style=\"width: 7.44015%; height: 96px;\">Visconti (razzia sur les cookies ! Toute la saveur d&rsquo;un biscuit classique arros\u00e9 d&rsquo;un riche caramel)<\/td>\n<td style=\"width: 7.44015%; height: 96px;\"><\/td>\n<td style=\"width: 13.4269%; height: 96px;\"><\/td>\n<td style=\"width: 14.0045%; height: 96px;\">Petite Boisson (Pomme, Cassis, Framboise)<\/td>\n<td style=\"width: 11.8025%; height: 96px;\"><\/td>\n<\/tr>\n<tr style=\"height: 120px;\">\n<td style=\"width: 7.44015%; height: 120px;\">Vanilla Custard (incontournable r\u00e9confort: une cr\u00e8me anglaise d\u00e9licatement parfum\u00e9e \u00e0 la vanille fra\u00eeche)<\/td>\n<td style=\"width: 7.44015%; height: 120px;\"><\/td>\n<td style=\"width: 13.4269%; height: 120px;\"><\/td>\n<td style=\"width: 14.0045%; height: 120px;\"><\/td>\n<td style=\"width: 11.8025%; height: 120px;\"><\/td>\n<\/tr>\n<tr style=\"height: 120px;\">\n<td style=\"width: 7.44015%; height: 120px;\">Popcorn Caramel (d\u00e9lices old school du ma\u00efs fraichement souffl\u00e9 du cin\u00e9ma, arros\u00e9 d\u2019un riche et d\u00e9cadent caramel)<\/td>\n<td style=\"width: 7.44015%; height: 120px;\"><\/td>\n<td style=\"width: 13.4269%; height: 120px;\"><\/td>\n<td style=\"width: 14.0045%; height: 120px;\"><\/td>\n<td style=\"width: 11.8025%; height: 120px;\"><\/td>\n<\/tr>\n<tr style=\"height: 72px;\">\n<td style=\"width: 7.44015%; height: 72px;\">Attila (Une vape amusante remplie d&rsquo;une succulente barbe \u00e0 papa)<\/td>\n<td style=\"width: 7.44015%; height: 72px;\"><\/td>\n<td style=\"width: 13.4269%; height: 72px;\"><\/td>\n<td style=\"width: 14.0045%; height: 72px;\"><\/td>\n<td style=\"width: 11.8025%; height: 72px;\"><\/td>\n<\/tr>\n<tr style=\"height: 72px;\">\n<td style=\"width: 7.44015%; height: 72px;\">Artical (Menthe Polaire, elle n&rsquo;est pas fra\u00eeche, elle d\u00e9chire\u2026)<\/td>\n<td style=\"width: 7.44015%; height: 72px;\"><\/td>\n<td style=\"width: 13.4269%; height: 72px;\"><\/td>\n<td style=\"width: 14.0045%; height: 72px;\"><\/td>\n<td style=\"width: 11.8025%; height: 72px;\"><\/td>\n<\/tr>\n<tr style=\"height: 120px;\">\n<td style=\"width: 7.44015%; height: 120px;\">Menthe Verte (menthe fraichement cueillie du jardin dans votre cigarette \u00e9lectronique, un pur d\u00e9lice de chlorophylle)<\/td>\n<td style=\"width: 7.44015%; height: 120px;\"><\/td>\n<td style=\"width: 13.4269%; height: 120px;\"><\/td>\n<td style=\"width: 14.0045%; height: 120px;\"><\/td>\n<td style=\"width: 11.8025%; height: 120px;\"><\/td>\n<\/tr>\n<\/tbody>\n<\/table>\n[\/mk_table][\/vc_column][\/vc_row][vc_row][vc_column][vc_btn title=\u00a0\u00bbRetour au sommaire\u00a0\u00bb style=\u00a0\u00bbclassic\u00a0\u00bb shape=\u00a0\u00bbsquare\u00a0\u00bb color=\u00a0\u00bbpurple\u00a0\u00bb align=\u00a0\u00bbcenter\u00a0\u00bb i_icon_fontawesome=\u00a0\u00bbfa fa-home\u00a0\u00bb css_animation=\u00a0\u00bbnone\u00a0\u00bb button_block=\u00a0\u00bbtrue\u00a0\u00bb add_icon=\u00a0\u00bbtrue\u00a0\u00bb link=\u00a0\u00bburl:https%3A%2F%2Ftotem.buddhaparis.com|||\u00a0\u00bb][\/vc_column][\/vc_row]\n","protected":false},"excerpt":{"rendered":"<p>[vc_row][vc_column][vc_empty_space height=\u00a0\u00bb70px\u00a0\u00bb][vc_column_text css=\u00a0\u00bb.vc_custom_1667988230392{margin-bottom: 0px !important;}\u00a0\u00bb] Vous \u00eates dans la cat\u00e9gorie : Les Premiums 10 ML [\/vc_column_text][vc_empty_space][\/vc_column][\/vc_row][vc_row][vc_column][vc_column_text css=\u00a0\u00bb.vc_custom_1701136856496{margin-bottom: 0px !important;}\u00a0\u00bb] 4 liquides achet\u00e9s = 20,90\u20ac soit 5,22\u20ac \/ liquide (*Avec votre bon de r\u00e9duction de -10\u20ac pour 60\u20ac achats = 4,39\u20ac\/liquide) 1 e-liquide 10 ML = 6,90\u20ac [\/vc_column_text][\/vc_column][\/vc_row][vc_row][vc_column width=\u00a0\u00bb1\/6&Prime;][vc_btn title=\u00a0\u00bbLes Hyla, H4CBD, CBD et Sels de [&hellip;]<\/p>\n","protected":false},"author":1,"featured_media":0,"parent":0,"menu_order":0,"comment_status":"closed","ping_status":"closed","template":"","meta":{"footnotes":""},"_links":{"self":[{"href":"https:\/\/totem.buddhaparis.com\/index.php\/wp-json\/wp\/v2\/pages\/20"}],"collection":[{"href":"https:\/\/totem.buddhaparis.com\/index.php\/wp-json\/wp\/v2\/pages"}],"about":[{"href":"https:\/\/totem.buddhaparis.com\/index.php\/wp-json\/wp\/v2\/types\/page"}],"author":[{"embeddable":true,"href":"https:\/\/totem.buddhaparis.com\/index.php\/wp-json\/wp\/v2\/users\/1"}],"replies":[{"embeddable":true,"href":"https:\/\/totem.buddhaparis.com\/index.php\/wp-json\/wp\/v2\/comments?post=20"}],"version-history":[{"count":87,"href":"https:\/\/totem.buddhaparis.com\/index.php\/wp-json\/wp\/v2\/pages\/20\/revisions"}],"predecessor-version":[{"id":1729,"href":"https:\/\/totem.buddhaparis.com\/index.php\/wp-json\/wp\/v2\/pages\/20\/revisions\/1729"}],"wp:attachment":[{"href":"https:\/\/totem.buddhaparis.com\/index.php\/wp-json\/wp\/v2\/media?parent=20"}],"curies":[{"name":"wp","href":"https:\/\/api.w.org\/{rel}","templated":true}]}}