{"id":18,"date":"2018-04-14T17:13:05","date_gmt":"2018-04-14T15:13:05","guid":{"rendered":"https:\/\/totem.smartshop-one.com\/?page_id=18"},"modified":"2023-12-29T11:00:07","modified_gmt":"2023-12-29T10:00:07","slug":"les-classiques-10ml","status":"publish","type":"page","link":"https:\/\/totem.buddhaparis.com\/index.php\/les-classiques-10ml\/","title":{"rendered":"Les Classiques 10ml"},"content":{"rendered":"[vc_row][vc_column][vc_empty_space height=\u00a0\u00bb70px\u00a0\u00bb][vc_column_text css=\u00a0\u00bb.vc_custom_1667988850281{margin-bottom: 0px !important;}\u00a0\u00bb]\n<h1 style=\"text-align: center;\">Vous \u00eates dans la cat\u00e9gorie : <strong>Les Classiques 10 ML<\/strong><\/h1>\n[\/vc_column_text][vc_empty_space][\/vc_column][\/vc_row][vc_row][vc_column][vc_column_text css=\u00a0\u00bb.vc_custom_1701136920238{margin-bottom: 0px !important;}\u00a0\u00bb]\n<h1 style=\"text-align: center;\">4 LIQUIDES = 19,90\u20ac SOIT <strong>4,97\u20ac \/ LIQUIDE<\/strong><\/h1>\n<p style=\"text-align: center;\"><span style=\"color: #808080;\">(*Avec votre bon de r\u00e9duction de -10\u20ac pour 60\u20ac achats = <strong>4,14\u20ac\/liquide<\/strong>)<\/span><\/p>\n[\/vc_column_text][vc_column_text css=\u00a0\u00bb.vc_custom_1701136977993{margin-bottom: 0px !important;}\u00a0\u00bb]\n<h1 style=\"text-align: center;\">1 e-liquide 10 ML = 5,90\u20ac<\/h1>\n[\/vc_column_text][\/vc_column][\/vc_row][vc_row][vc_column width=\u00a0\u00bb1\/6&Prime;][vc_btn title=\u00a0\u00bbLes Hyla, H4CBD, CBD et Sels de Nicotine\u00a0\u00bb style=\u00a0\u00bbclassic\u00a0\u00bb shape=\u00a0\u00bbsquare\u00a0\u00bb color=\u00a0\u00bbpurple\u00a0\u00bb align=\u00a0\u00bbcenter\u00a0\u00bb css_animation=\u00a0\u00bbflipInX\u00a0\u00bb button_block=\u00a0\u00bbtrue\u00a0\u00bb link=\u00a0\u00bburl:https%3A%2F%2Ftotem.buddhaparis.com%2Findex.php%2Fles-cbd%2F|||\u00a0\u00bb][\/vc_column][vc_column width=\u00a0\u00bb1\/6&Prime;][vc_btn title=\u00a0\u00bbLes Premiums 10 ml\u00a0\u00bb style=\u00a0\u00bbclassic\u00a0\u00bb shape=\u00a0\u00bbsquare\u00a0\u00bb color=\u00a0\u00bbpurple\u00a0\u00bb align=\u00a0\u00bbcenter\u00a0\u00bb css_animation=\u00a0\u00bbflipInX\u00a0\u00bb button_block=\u00a0\u00bbtrue\u00a0\u00bb link=\u00a0\u00bburl:https%3A%2F%2Ftotem.buddhaparis.com%2Findex.php%2Fles-premiums-10ml%2F|||\u00a0\u00bb][\/vc_column][vc_column width=\u00a0\u00bb1\/6&Prime;][vc_btn title=\u00a0\u00bbLes Classiques 10 ml\u00a0\u00bb style=\u00a0\u00bbclassic\u00a0\u00bb shape=\u00a0\u00bbsquare\u00a0\u00bb color=\u00a0\u00bbpurple\u00a0\u00bb align=\u00a0\u00bbcenter\u00a0\u00bb css_animation=\u00a0\u00bbflipInX\u00a0\u00bb button_block=\u00a0\u00bbtrue\u00a0\u00bb link=\u00a0\u00bburl:https%3A%2F%2Ftotem.buddhaparis.com%2Findex.php%2Fles-classiques-10ml%2F|||\u00a0\u00bb][\/vc_column][vc_column width=\u00a0\u00bb1\/6&Prime;][vc_btn title=\u00a0\u00bbLes Premium Plus 50, 60, 100 ml\u00a0\u00bb style=\u00a0\u00bbclassic\u00a0\u00bb shape=\u00a0\u00bbsquare\u00a0\u00bb color=\u00a0\u00bbpurple\u00a0\u00bb align=\u00a0\u00bbcenter\u00a0\u00bb css_animation=\u00a0\u00bbflipInX\u00a0\u00bb button_block=\u00a0\u00bbtrue\u00a0\u00bb link=\u00a0\u00bburl:https%3A%2F%2Ftotem.buddhaparis.com%2Findex.php%2Fles-premiums-plus%2F|||\u00a0\u00bb][\/vc_column][vc_column width=\u00a0\u00bb1\/6&Prime;][vc_btn title=\u00a0\u00bbLes e-Cigarettes Gratuites\u00a0\u00bb style=\u00a0\u00bbclassic\u00a0\u00bb shape=\u00a0\u00bbsquare\u00a0\u00bb color=\u00a0\u00bbpurple\u00a0\u00bb align=\u00a0\u00bbcenter\u00a0\u00bb css_animation=\u00a0\u00bbflipInX\u00a0\u00bb button_block=\u00a0\u00bbtrue\u00a0\u00bb link=\u00a0\u00bburl:https%3A%2F%2Ftotem.buddhaparis.com%2Findex.php%2Fles-e-cigarettes-gratuites%2F|||\u00a0\u00bb][\/vc_column][vc_column width=\u00a0\u00bb1\/6&Prime;][vc_btn title=\u00a0\u00bbLes R\u00e9sistances Gratuites\u00a0\u00bb style=\u00a0\u00bbclassic\u00a0\u00bb shape=\u00a0\u00bbsquare\u00a0\u00bb color=\u00a0\u00bbpurple\u00a0\u00bb align=\u00a0\u00bbcenter\u00a0\u00bb css_animation=\u00a0\u00bbflipInX\u00a0\u00bb button_block=\u00a0\u00bbtrue\u00a0\u00bb link=\u00a0\u00bburl:https%3A%2F%2Ftotem.buddhaparis.com%2Findex.php%2Fles-resistances-gratuites%2F|||\u00a0\u00bb][\/vc_column][\/vc_row][vc_row][vc_column border_color=\u00a0\u00bb#ffffff\u00a0\u00bb][mk_table style=\u00a0\u00bbstyle2&Prime;]\n<table class=\"mttb\" style=\"width: 100.689%; height: 808px;\">\n<tbody>\n<tr class=\"mttr\" style=\"height: 24px;\">\n<th class=\"mtth\" style=\"width: 9.76955%; height: 24px;\">LIQUIDEO<\/th>\n<th style=\"width: 9.82482%; height: 24px;\">FURIOSA<\/th>\n<th style=\"width: 10.3976%; height: 24px;\">DLICE<\/th>\n<th style=\"width: 9.08362%; height: 24px;\">SWOKE<\/th>\n<\/tr>\n<tr class=\"mttr\" style=\"height: 48px;\">\n<td class=\"mttd\" style=\"width: 9.76955%; height: 10px;\"><\/td>\n<td style=\"width: 9.82482%; height: 10px;\">Cobra (Venin diabolique Fruits Rouges, Citron, Pointe d&rsquo;Anis, Hautement addictif)<\/td>\n<td style=\"width: 10.3976%; height: 10px;\">Corse (m\u00e9lange harmonieux classic blond et classic brun)<\/td>\n<td style=\"width: 9.08362%; height: 10px;\">Bisou (Cassis, Chewing-gum, Fruits rouges menthol\u00e9s)<\/td>\n<\/tr>\n<tr class=\"mttr\" style=\"height: 48px;\">\n<td class=\"mttd\" style=\"width: 9.76955%; height: 48px;\">Joplin (Tabac robuste &amp; Doux)<\/td>\n<td style=\"width: 9.82482%; height: 48px;\">Ultron (Ultron frais, Cassis rose, Chair Pamplemousse)<\/td>\n<td style=\"width: 10.3976%; height: 48px;\">Le Sultan (tabac classique blond avec une touche d&rsquo;orient mielleux)<\/td>\n<td style=\"width: 9.08362%; height: 48px;\">Clone (Baies sauvages, Cactus)<\/td>\n<\/tr>\n<tr class=\"mttr\" style=\"height: 48px;\">\n<td class=\"mttd\" style=\"width: 9.76955%; height: 48px;\">Gold Tiger (Tabac Gourmand, Fruit\u00e9 &amp; Sucr\u00e9)<\/td>\n<td style=\"width: 9.82482%; height: 48px;\">Ivry (Pulpe de rhubarbe, Glace pomme Vertes, Cactus)<\/td>\n<td style=\"width: 10.3976%; height: 48px;\"><\/td>\n<td style=\"width: 9.08362%; height: 48px;\">Bobo (past\u00e8que juteuse, le pitaya exotique et la douceur du bubblegum sucr\u00e9)<\/td>\n<\/tr>\n<tr class=\"mttr\" style=\"height: 24px;\">\n<td class=\"mttd\" style=\"width: 9.76955%; height: 24px;\">Jolie Blonde (Tabac blond l\u00e9g\u00e8rement Epic\u00e9)<\/td>\n<td style=\"width: 9.82482%; height: 24px;\">Doom (Groseille, Fraise, Citron Fizz)<\/td>\n<td style=\"width: 10.3976%; height: 24px;\">Power Drink (saveur tutti frutti propre aux boissons \u00e9nergiseantes)<\/td>\n<td style=\"width: 9.08362%; height: 24px;\"><\/td>\n<\/tr>\n<tr class=\"mttr\" style=\"height: 24px;\">\n<td class=\"mttd\" style=\"width: 9.76955%; height: 24px;\">Le M (Tabac sec classique)<\/td>\n<td style=\"width: 9.82482%; height: 24px;\">Aria (Baies, Raisins, Menthol)<\/td>\n<td style=\"width: 10.3976%; height: 24px;\">Springbreak (guimauve aux amandes vanill\u00e9e, de la pomme, du Kiwi et de la fraise)<\/td>\n<td style=\"width: 9.08362%; height: 24px;\"><\/td>\n<\/tr>\n<tr class=\"mttr\" style=\"height: 24px;\">\n<td class=\"mttd\" style=\"width: 9.76955%; height: 24px;\">American Mix (Tabac blond classique)<\/td>\n<td style=\"width: 9.82482%; height: 24px;\">Skeedz (Concentr\u00e9 de bonbons exotiques)<\/td>\n<td style=\"width: 10.3976%; height: 24px;\">Pastis (pastis estival et retrouvez le go\u00fbt du soleil du sud et le chant des cigales)<\/td>\n<td style=\"width: 9.08362%; height: 24px;\"><\/td>\n<\/tr>\n<tr class=\"mttr\" style=\"height: 24px;\">\n<td class=\"mttd\" style=\"width: 9.76955%; height: 24px;\">Cookie aux p\u00e9pites de Caramel (Cookie au caramel)<\/td>\n<td style=\"width: 9.82482%; height: 24px;\">Soko (Ananas, Rhubarbe, Citron vert)<\/td>\n<td style=\"width: 10.3976%; height: 24px;\">Th\u00e9 Yuzu (th\u00e9 noir associ\u00e9 \u00e0 du yuzu. Une saveur tr\u00e8s nippone)<\/td>\n<td style=\"width: 9.08362%; height: 24px;\"><\/td>\n<\/tr>\n<tr class=\"mttr\" style=\"height: 48px;\">\n<td class=\"mttd\" style=\"width: 9.76955%; height: 10px;\">Crusty Nuts (Noisette Croustillante)<\/td>\n<td style=\"width: 9.82482%; height: 10px;\">Mangue Dragon Fraise Kiwi<\/td>\n<td style=\"width: 10.3976%; height: 10px;\"><\/td>\n<td style=\"width: 9.08362%; height: 10px;\"><\/td>\n<\/tr>\n<tr class=\"mttr\" style=\"height: 48px;\">\n<td class=\"mttd\" style=\"width: 9.76955%; height: 48px;\">Cherry Boop (Jus de Cerise rouge carmin)<\/td>\n<td style=\"width: 9.82482%; height: 48px;\">Ananas Citron 10 ML<\/td>\n<td style=\"width: 10.3976%; height: 48px;\"><\/td>\n<td style=\"width: 9.08362%; height: 48px;\"><\/td>\n<\/tr>\n<tr class=\"mttr\" style=\"height: 24px;\">\n<td class=\"mttd\" style=\"width: 9.76955%; height: 24px;\">Freeze Cola<\/td>\n<td style=\"width: 9.82482%; height: 24px;\"><\/td>\n<td style=\"width: 10.3976%; height: 24px;\"><\/td>\n<td style=\"width: 9.08362%; height: 24px;\"><\/td>\n<\/tr>\n<tr class=\"mttr\" style=\"height: 24px;\">\n<td class=\"mttd\" style=\"width: 9.76955%; height: 10px;\">Freeze Mirabelle<\/td>\n<td style=\"width: 9.82482%; height: 10px;\"><\/td>\n<td style=\"width: 10.3976%; height: 10px;\"><\/td>\n<td style=\"width: 9.08362%; height: 10px;\"><\/td>\n<\/tr>\n<tr class=\"mttr\" style=\"height: 24px;\">\n<td class=\"mttd\" style=\"width: 9.76955%; height: 24px;\">Freeze Mure<\/td>\n<td style=\"width: 9.82482%; height: 24px;\"><\/td>\n<td style=\"width: 10.3976%; height: 24px;\"><\/td>\n<td style=\"width: 9.08362%; height: 24px;\"><\/td>\n<\/tr>\n<tr class=\"mttr\" style=\"height: 24px;\">\n<td class=\"mttd\" style=\"width: 9.76955%; height: 24px;\">Freeze Past\u00e8que<\/td>\n<td style=\"width: 9.82482%; height: 24px;\"><\/td>\n<td style=\"width: 10.3976%; height: 24px;\"><\/td>\n<td style=\"width: 9.08362%; height: 24px;\"><\/td>\n<\/tr>\n<tr class=\"mttr\" style=\"height: 24px;\">\n<td class=\"mttd\" style=\"width: 9.76955%; height: 24px;\">Freeze Fruits Rouges<\/td>\n<td style=\"width: 9.82482%; height: 24px;\"><\/td>\n<td style=\"width: 10.3976%; height: 24px;\"><\/td>\n<td style=\"width: 9.08362%; height: 24px;\"><\/td>\n<\/tr>\n<tr class=\"mttr\" style=\"height: 48px;\">\n<td class=\"mttd\" style=\"width: 9.76955%; height: 24px;\">Freeze Dragon (Fruits du Dragon)<\/td>\n<td style=\"width: 9.82482%; height: 24px;\"><\/td>\n<td style=\"width: 10.3976%; height: 24px;\"><\/td>\n<td style=\"width: 9.08362%; height: 24px;\"><\/td>\n<\/tr>\n<tr class=\"mttr\" style=\"height: 48px;\">\n<td class=\"mttd\" style=\"width: 9.76955%; height: 10px;\">Freeze Pomme<\/td>\n<td style=\"width: 9.82482%; height: 10px;\"><\/td>\n<td style=\"width: 10.3976%; height: 10px;\"><\/td>\n<td style=\"width: 9.08362%; height: 10px;\"><\/td>\n<\/tr>\n<tr class=\"mttr\" style=\"height: 24px;\">\n<td class=\"mttd\" style=\"width: 9.76955%; height: 24px;\">Freeze Goyave<\/td>\n<td style=\"width: 9.82482%; height: 24px;\"><\/td>\n<td style=\"width: 10.3976%; height: 24px;\"><\/td>\n<td style=\"width: 9.08362%; height: 24px;\"><\/td>\n<\/tr>\n<tr class=\"mttr\" style=\"height: 24px;\">\n<td class=\"mttd\" style=\"width: 9.76955%; height: 24px;\">Freeze Framboise<\/td>\n<td style=\"width: 9.82482%; height: 24px;\"><\/td>\n<td style=\"width: 10.3976%; height: 24px;\"><\/td>\n<td style=\"width: 9.08362%; height: 24px;\"><\/td>\n<\/tr>\n<tr class=\"mttr\" style=\"height: 24px;\">\n<td class=\"mttd\" style=\"width: 9.76955%; height: 24px;\">Kiss Full (triple menthol pour atteindre le paroxysme de la fraicheur. Sans doute notre e-liquide le plus populaire de la gamme Evolution. Frissons extr\u00eames assur\u00e9s)<\/td>\n<td style=\"width: 9.82482%; height: 24px;\"><\/td>\n<td style=\"width: 10.3976%; height: 24px;\"><\/td>\n<td style=\"width: 9.08362%; height: 24px;\"><\/td>\n<\/tr>\n<tr class=\"mttr\" style=\"height: 24px;\">\n<td class=\"mttd\" style=\"width: 9.76955%; height: 24px;\">Hollywood (go\u00fbt particuli\u00e8rement intense de la chlorophylle se fait ressentir dans ce e-liquide \u00e0 l&rsquo;aspect de chewing gum)<\/td>\n<td style=\"width: 9.82482%; height: 24px;\"><\/td>\n<td style=\"width: 10.3976%; height: 24px;\"><\/td>\n<td style=\"width: 9.08362%; height: 24px;\"><\/td>\n<\/tr>\n<tr class=\"mttr\" style=\"height: 24px;\">\n<td class=\"mttd\" style=\"width: 9.76955%; height: 24px;\">Malotru (d\u00e9licieux ! m\u00e9lange subtil o\u00f9 la douceur des myrtilles se combinent avec la l\u00e9g\u00e8re acidit\u00e9 du citron)<\/td>\n<td style=\"width: 9.82482%; height: 24px;\"><\/td>\n<td style=\"width: 10.3976%; height: 24px;\"><\/td>\n<td style=\"width: 9.08362%; height: 24px;\"><\/td>\n<\/tr>\n<tr class=\"mttr\" style=\"height: 24px;\">\n<td class=\"mttd\" style=\"width: 9.76955%; height: 24px;\">Vaurien Raisin Litchi (m\u00e9lange de raisin rouge et de litchi de saison avec une fraicheur intense)<\/td>\n<td style=\"width: 9.82482%; height: 24px;\"><\/td>\n<td style=\"width: 10.3976%; height: 24px;\"><\/td>\n<td style=\"width: 9.08362%; height: 24px;\"><\/td>\n<\/tr>\n<tr class=\"mttr\" style=\"height: 24px;\">\n<td class=\"mttd\" style=\"width: 9.76955%; height: 24px;\">Chenapan Pomme Abricot M\u00fbre (m\u00e9lange de pomme croquante, d&rsquo;abricot bien sucr\u00e9 et de m\u00fbre juteuse, le tout associ\u00e9 \u00e0 une fraicheur intense)<\/td>\n<td style=\"width: 9.82482%; height: 24px;\"><\/td>\n<td style=\"width: 10.3976%; height: 24px;\"><\/td>\n<td style=\"width: 9.08362%; height: 24px;\"><\/td>\n<\/tr>\n<tr class=\"mttr\" style=\"height: 24px;\">\n<td class=\"mttd\" style=\"width: 9.76955%; height: 24px;\">Galopin Pomme Poire (m\u00e9lange de pomme juteuse et de poire croquante associ\u00e9 \u00e0 une fra\u00eecheur intense)<\/td>\n<td style=\"width: 9.82482%; height: 24px;\"><\/td>\n<td style=\"width: 10.3976%; height: 24px;\"><\/td>\n<td style=\"width: 9.08362%; height: 24px;\"><\/td>\n<\/tr>\n<\/tbody>\n<\/table>\n[\/mk_table][mk_table style=\u00a0\u00bbstyle2&Prime;][\/mk_table][mk_table style=\u00a0\u00bbstyle2&Prime;]&nbsp;<\/p>\n<table class=\"mttb\" style=\"width: 100.719%; height: 480px;\">\n<tbody>\n<tr class=\"mttr\" style=\"height: 72px;\">\n<th class=\"mtth\" style=\"width: 24.9721%; height: 10px;\">Flavour Power<\/th>\n<th class=\"mtth\" style=\"width: 12.5233%; height: 10px;\">ELIQUIDE FRANCE<\/th>\n<\/tr>\n<tr class=\"mttr\" style=\"height: 96px;\">\n<td class=\"mttd\" style=\"width: 24.9721%; height: 10px;\">USA Classics (Tabac classique)<\/td>\n<td class=\"mttd\" style=\"width: 12.5233%; height: 10px;\">Crazy Mango<\/td>\n<\/tr>\n<tr class=\"mttr\" style=\"height: 72px;\">\n<td class=\"mttd\" style=\"width: 24.9721%; height: 10px;\">Virginie Classics (Tabac blond doux)<\/td>\n<td class=\"mttd\" style=\"width: 12.5233%; height: 10px;\">Ice Mint<\/td>\n<\/tr>\n<tr class=\"mttr\" style=\"height: 24px;\">\n<td class=\"mttd\" style=\"width: 24.9721%; height: 10px;\">BB Gum<\/td>\n<td class=\"mttd\" style=\"width: 12.5233%; height: 10px;\">Cassis Mangue<\/td>\n<\/tr>\n<tr class=\"mttr\" style=\"height: 48px;\">\n<td class=\"mttd\" style=\"width: 24.9721%; height: 10px;\">Caf\u00e9 Moka<\/td>\n<td class=\"mttd\" style=\"width: 12.5233%; height: 10px;\">Passion Fruit<\/td>\n<\/tr>\n<tr class=\"mttr\" style=\"height: 48px;\">\n<td class=\"mttd\" style=\"width: 24.9721%; height: 10px;\"><\/td>\n<td class=\"mttd\" style=\"width: 12.5233%; height: 10px;\">Mango<\/td>\n<\/tr>\n<tr class=\"mttr\" style=\"height: 48px;\">\n<td class=\"mttd\" style=\"width: 24.9721%; height: 10px;\"><\/td>\n<td class=\"mttd\" style=\"width: 12.5233%; height: 10px;\">Blueberry<\/td>\n<\/tr>\n<tr class=\"mttr\" style=\"height: 72px;\">\n<td class=\"mttd\" style=\"width: 24.9721%; height: 10px;\"><\/td>\n<td class=\"mttd\" style=\"width: 12.5233%; height: 10px;\">Pomme cola<\/td>\n<\/tr>\n<tr style=\"height: 24px;\">\n<td style=\"width: 24.9721%; height: 24px;\"><\/td>\n<td class=\"mttd\" style=\"width: 12.5233%; height: 24px;\">Bloody Summer (Fruits Rouges Frais)<\/td>\n<\/tr>\n<\/tbody>\n<\/table>\n[\/mk_table][\/vc_column][\/vc_row][vc_row][vc_column][vc_btn title=\u00a0\u00bbRetour au sommaire\u00a0\u00bb style=\u00a0\u00bbclassic\u00a0\u00bb shape=\u00a0\u00bbsquare\u00a0\u00bb color=\u00a0\u00bbpurple\u00a0\u00bb align=\u00a0\u00bbcenter\u00a0\u00bb i_icon_fontawesome=\u00a0\u00bbfa fa-home\u00a0\u00bb css_animation=\u00a0\u00bbnone\u00a0\u00bb button_block=\u00a0\u00bbtrue\u00a0\u00bb add_icon=\u00a0\u00bbtrue\u00a0\u00bb link=\u00a0\u00bburl:https%3A%2F%2Ftotem.buddhaparis.com|||\u00a0\u00bb][\/vc_column][\/vc_row]\n","protected":false},"excerpt":{"rendered":"<p>[vc_row][vc_column][vc_empty_space height=\u00a0\u00bb70px\u00a0\u00bb][vc_column_text css=\u00a0\u00bb.vc_custom_1667988850281{margin-bottom: 0px !important;}\u00a0\u00bb] Vous \u00eates dans la cat\u00e9gorie : Les Classiques 10 ML [\/vc_column_text][vc_empty_space][\/vc_column][\/vc_row][vc_row][vc_column][vc_column_text css=\u00a0\u00bb.vc_custom_1701136920238{margin-bottom: 0px !important;}\u00a0\u00bb] 4 LIQUIDES = 19,90\u20ac SOIT 4,97\u20ac \/ LIQUIDE (*Avec votre bon de r\u00e9duction de -10\u20ac pour 60\u20ac achats = 4,14\u20ac\/liquide) [\/vc_column_text][vc_column_text css=\u00a0\u00bb.vc_custom_1701136977993{margin-bottom: 0px !important;}\u00a0\u00bb] 1 e-liquide 10 ML = 5,90\u20ac [\/vc_column_text][\/vc_column][\/vc_row][vc_row][vc_column width=\u00a0\u00bb1\/6&Prime;][vc_btn title=\u00a0\u00bbLes Hyla, H4CBD, CBD [&hellip;]<\/p>\n","protected":false},"author":1,"featured_media":0,"parent":0,"menu_order":0,"comment_status":"closed","ping_status":"closed","template":"","meta":{"footnotes":""},"_links":{"self":[{"href":"https:\/\/totem.buddhaparis.com\/index.php\/wp-json\/wp\/v2\/pages\/18"}],"collection":[{"href":"https:\/\/totem.buddhaparis.com\/index.php\/wp-json\/wp\/v2\/pages"}],"about":[{"href":"https:\/\/totem.buddhaparis.com\/index.php\/wp-json\/wp\/v2\/types\/page"}],"author":[{"embeddable":true,"href":"https:\/\/totem.buddhaparis.com\/index.php\/wp-json\/wp\/v2\/users\/1"}],"replies":[{"embeddable":true,"href":"https:\/\/totem.buddhaparis.com\/index.php\/wp-json\/wp\/v2\/comments?post=18"}],"version-history":[{"count":192,"href":"https:\/\/totem.buddhaparis.com\/index.php\/wp-json\/wp\/v2\/pages\/18\/revisions"}],"predecessor-version":[{"id":1731,"href":"https:\/\/totem.buddhaparis.com\/index.php\/wp-json\/wp\/v2\/pages\/18\/revisions\/1731"}],"wp:attachment":[{"href":"https:\/\/totem.buddhaparis.com\/index.php\/wp-json\/wp\/v2\/media?parent=18"}],"curies":[{"name":"wp","href":"https:\/\/api.w.org\/{rel}","templated":true}]}}